{"id":29,"date":"2021-04-28T22:19:46","date_gmt":"2021-04-28T20:19:46","guid":{"rendered":"https:\/\/luralaisquash.com\/?page_id=29"},"modified":"2024-02-02T10:57:04","modified_gmt":"2024-02-02T09:57:04","slug":"historia-del-squash-irun","status":"publish","type":"page","link":"https:\/\/luralaisquash.com\/index.php\/quienes-somos\/historia-del-squash-irun\/","title":{"rendered":"Historia del squash en Irun y Hondarribia"},"content":{"rendered":"\n<p class=\"has-medium-font-size\"><strong>1980-1990<\/strong><\/p>\n\n\n\n<p>En la d\u00e9cada de los 80, Ir\u00fan fue un lugar destacado en la agenda de competici\u00f3n del squash nacional, sobre todo, gracias a nuestra particular leyenda, Alicia Txoperena, que lider\u00f3 el ranking nacional las temporadas 1981 y 1982. Esto atrajo una expectaci\u00f3n y un inter\u00e9s por parte de nuevos jugadores. Fue en esa \u00e9poca cuando los gimnasios y polideportivos de la comarca construyeron numerosas pistas de Squash (hasta 8 en toda la ciudad) y comenz\u00f3 la expansion y el exito del squash en la zona.<\/p>\n\n\n\n<p>Pero poco dur\u00f3 la euforia, ya que la imagen del squash cada vez se asociaba mas a un deporte de riesgo, elitista y la falta de formaci\u00f3n hacia los j\u00f3venes y menores de edad. El estigma social, la perdida de apoyo econ\u00f3mico (sponsor) y la falta de una estructura de formacion o escuela, hizo que a partir de los 90, otros deportes emergentes (principalmente el Padel) se llevaran gran parte de la afici\u00f3n.<\/p>\n\n\n\n<p class=\"has-medium-font-size\"><strong>1990-2009<\/strong><\/p>\n\n\n\n<p>Durante estos a\u00f1os, el \u201cClub Deportivo Squash Ir\u00fan\u201d se mantuvo gracias al joven promesa Bruno Vega y sus compa\u00f1eros, Juan Luna y Enrique, pero por desgracia para entonces, el squash no ten\u00eda el respaldo de los socios y los sponsors que tuvo anteriormente, por lo que, nadie pudo tomar el relevo y ces\u00f3 su actividad en torno al 2009.<\/p>\n\n\n\n<p class=\"has-medium-font-size\"><strong>2007-2013<\/strong><\/p>\n\n\n\n<p>A partir del 2000, el polideportivo municipal Artaleku de Irun, cada vez ten\u00eda menos usuarios, entre otros, por el alto coste del alquiler de sus en sus 4 pistas de squash. En cambio, el reci\u00e9n inaugurado polideportivo Hondartza del municipio colindante de Hondarribia, ofrec\u00eda m\u00e1s actividades y la posibilidad de jugar ilimitadamente en las pistas de squash, mientras estas estuvieran libres (todo dentro de la cuota mensual). Esto atrajo a muchos usuarios de Irun y fue la puntilla con la que el Squash toc\u00f3 fondo en Artaleku. En cambio, las 2 pistas del recien abiertas del polideportivo Hondartza, fueron recibiendo cada vez mas aficionados del squash y la direccion del polideportivo comenz\u00f3 a organizar los primeros torneos de squash (internos). Esto intensific\u00f3 las relaciones de los jugadores habituales del polideportivo, hasta tal punto que decidieron constituirse como club, para as\u00ed poder ser mas autonomos en la organizaci\u00f3n de sus propios torneos y actividades.<\/p>\n\n\n\n<p class=\"has-medium-font-size\"><strong>2013 -><\/strong><\/p>\n\n\n\n<p>Dada las circunstacias, el club se fund\u00f3 a finales del 2012 junto con la celebrac\u00edon del Master de Euskadi (de la mano de la ESF\/FVS) que se disput\u00f3 en las pistas de Hondarribi, precisamente para dar soporte a la nueva creacion de este club. El primer torneo organizado por LASk lleg\u00f3 en agosto del 2013, donde se disput\u00f3 el \u201cTorneo Inauguracion de LASK\u201d con la participacion de 12 jugadores en las pistas de Hondartza kiroldegia.<\/p>\n\n\n\n<p>A pesar de que todo la actividad hasta la creacion de la entidad deportiva se fue coocinando en Hondarribia, la burocracia hizo que el Ayuntamiento de Irun y su polideportivo ofreciera un paquete de subvenciones y 4 pistas para que el club se instalara en esta ciudad. Esto hizo que el club se asentara, se organizara mejor y tuviera la capacidad de llegar a mas gente.<\/p>\n\n\n\n<p>Hoy, es un club s\u00f3lido con m\u00e1s de 60 soci@s, que cada a\u00f1o crece gracias al buen ambiente que existe entre sus integrates. organizamos Ligas, varios torneos a lo largo del a\u00f1o, entrenamientos, cursillos a menores y mantenemos buenas relaciones tanto intitucionales como con las empresas y negocios de la ciudad.<\/p>\n\n\n\n<p><strong><em>\u201cEl squash hace sentirnos agusto con nosotros mismos, mejora nuestro estado de forma tanto f\u00edsica y como mental\u201d&nbsp;<\/em><\/strong><\/p>\n\n\n\n<p><strong><em>\u201cLos partidos de liga son fundamental en la interacci\u00f3n y relaci\u00f3n entre los juagdores. Nunca pens\u00e9 que acabar\u00eda enganchandome tanto a este deporte\u201d<\/em><\/strong><\/p>\n\n\n\n<p><strong><em>\u201cEs una alternativa deportiva de alta exigencia, muy recomendable para conbinar con otros deportes. Ayuda a trabajar muchos aspectos fisicos y mentales, tales como; la agilidad, flexibilidad, capacidad de reacci\u00f3n, potencia, concentracion bajo presion, \u2026\u201d<\/em><\/strong><\/p>\n\n\n\n<p><strong><em>\u201cEl squash me ha ayudado a bajar de peso y ponerme en forma.\u201d<\/em><\/strong><\/p>\n\n\n\n<p><strong><em>\u201cCreia que mi edad no era la ideal para este deporte, pero a decir verdad, es el deporte menos lesivo que he practicado nunca. Hay mucho desconocimiento y prejuicio\u201d<\/em><\/strong><\/p>\n\n\n\n<p><strong><em>\u201cMis hij@s se aburren con mucha facilidad, es dificil complacer su necesidad de atenci\u00f3n, nerviosismo e impaciencia. El squash sacia esa inquietud, les agota y les ayuda a dormir mejor. Muy recomendable.\u201d<\/em><\/strong><\/p>\n\n\n\n<p>Queremos sembrar de nuevo la cultura y los valores olvidados del squash, para que broten de nuevo las futuras promesas que devuelvan la vida a este deporte.<\/p>\n\n\n\n<p>Os esperamos.<\/p>\n","protected":false},"excerpt":{"rendered":"<p>1980-1990 En la d\u00e9cada de los 80, Ir\u00fan fue un lugar destacado en la agenda de competici\u00f3n del squash nacional, sobre todo, gracias a nuestra particular leyenda, Alicia Txoperena, que lider\u00f3 el ranking nacional las temporadas 1981 y 1982. Esto &hellip; <a href=\"https:\/\/luralaisquash.com\/index.php\/quienes-somos\/historia-del-squash-irun\/\">Leer m\u00e1s<\/a><\/p>\n","protected":false},"author":1,"featured_media":0,"parent":522,"menu_order":0,"comment_status":"closed","ping_status":"closed","template":"","meta":{"kt_blocks_editor_width":""},"kb_featured_image_src_large":false,"kb_author_info":{"display_name":"admin","author_link":"https:\/\/luralaisquash.com\/index.php\/author\/admin\/","author_image":"https:\/\/secure.gravatar.com\/avatar\/c7470757efb63b31170f1545dd9a8ba6?s=96&d=mm&r=g"},"kb_comment_info":0,"_links":{"self":[{"href":"https:\/\/luralaisquash.com\/index.php\/wp-json\/wp\/v2\/pages\/29"}],"collection":[{"href":"https:\/\/luralaisquash.com\/index.php\/wp-json\/wp\/v2\/pages"}],"about":[{"href":"https:\/\/luralaisquash.com\/index.php\/wp-json\/wp\/v2\/types\/page"}],"author":[{"embeddable":true,"href":"https:\/\/luralaisquash.com\/index.php\/wp-json\/wp\/v2\/users\/1"}],"replies":[{"embeddable":true,"href":"https:\/\/luralaisquash.com\/index.php\/wp-json\/wp\/v2\/comments?post=29"}],"version-history":[{"count":3,"href":"https:\/\/luralaisquash.com\/index.php\/wp-json\/wp\/v2\/pages\/29\/revisions"}],"predecessor-version":[{"id":69,"href":"https:\/\/luralaisquash.com\/index.php\/wp-json\/wp\/v2\/pages\/29\/revisions\/69"}],"up":[{"embeddable":true,"href":"https:\/\/luralaisquash.com\/index.php\/wp-json\/wp\/v2\/pages\/522"}],"wp:attachment":[{"href":"https:\/\/luralaisquash.com\/index.php\/wp-json\/wp\/v2\/media?parent=29"}],"curies":[{"name":"wp","href":"https:\/\/api.w.org\/{rel}","templated":true}]}}